
{"id":321,"date":"2018-05-26T13:44:50","date_gmt":"2018-05-26T16:44:50","guid":{"rendered":"https:\/\/dev.conexionub.com\/?page_id=321"},"modified":"2018-11-01T20:00:28","modified_gmt":"2018-11-01T23:00:28","slug":"tec-programacion","status":"publish","type":"page","link":"https:\/\/conexion.ub.edu.ar\/index.php\/tec-programacion\/","title":{"rendered":"Tec-Programacion"},"content":{"rendered":"<p>[et_pb_section bb_built=&#8221;1&#8243; admin_label=&#8221;section&#8221; custom_padding=&#8221;54px|3px|54px|0px&#8221; _builder_version=&#8221;3.0.51&#8243; background_image=&#8221;http:\/\/conexion.ub.edu.ar\/wp-content\/uploads\/2018\/05\/fondo8.png&#8221; parallax=&#8221;on&#8221;][et_pb_row admin_label=&#8221;row&#8221; _builder_version=&#8221;3.0.51&#8243; background_size=&#8221;initial&#8221; background_position=&#8221;top_left&#8221; background_repeat=&#8221;repeat&#8221; custom_css_main_element=&#8221;background-image: linear-gradient(120deg, #fdfbfb 0%, #ebedee 100%);||opacity:0.5;||border-radius:25px;&#8221;][et_pb_column type=&#8221;4_4&#8243;][et_pb_text admin_label=&#8221;Text&#8221; background_layout=&#8221;dark&#8221; text_orientation=&#8221;center&#8221; _builder_version=&#8221;3.0.51&#8243; background_size=&#8221;initial&#8221; background_position=&#8221;top_left&#8221; background_repeat=&#8221;repeat&#8221; border_style=&#8221;solid&#8221;]<\/p>\n<h1 style=\"font-size: 38px;\"><span style=\"color: #111111;\">Tecnicatura<\/span><\/h1>\n<h1 style=\"font-size: 38px;\"><span style=\"color: #111111;\">en<\/span><\/h1>\n<h1 style=\"font-size: 38px;\"><span style=\"color: #111111;\">Programacion de Computadoras<\/span><\/h1>\n<p>[\/et_pb_text][\/et_pb_column][\/et_pb_row][et_pb_row admin_label=&#8221;row&#8221; custom_padding=&#8221;29px|0px|0px|0px&#8221; _builder_version=&#8221;3.0.51&#8243; background_size=&#8221;initial&#8221; background_position=&#8221;top_left&#8221; background_repeat=&#8221;repeat&#8221; custom_css_main_element=&#8221;max-width: 500px;||max-height:500px;||&#8221;][et_pb_column type=&#8221;4_4&#8243;][et_pb_image admin_label=&#8221;Image&#8221; src=&#8221;http:\/\/conexion.ub.edu.ar\/wp-content\/uploads\/2018\/05\/tec-progr.gif&#8221; animation=&#8221;bottom&#8221; max_width_last_edited=&#8221;on|desktop&#8221; force_fullwidth=&#8221;on&#8221; _builder_version=&#8221;3.0.51&#8243; \/][\/et_pb_column][\/et_pb_row][et_pb_row admin_label=&#8221;row&#8221; _builder_version=&#8221;3.0.51&#8243; background_size=&#8221;initial&#8221; background_position=&#8221;top_left&#8221; background_repeat=&#8221;repeat&#8221;][et_pb_column type=&#8221;1_3&#8243;][et_pb_blurb admin_label=&#8221;Blurb&#8221; title=&#8221;CONOCIMIENTOS&#8221; use_icon=&#8221;on&#8221; font_icon=&#8221;%%103%%&#8221; icon_color=&#8221;#2ea3f2&#8243; use_circle=&#8221;on&#8221; circle_color=&#8221;#0d2035&#8243; background_layout=&#8221;dark&#8221; text_orientation=&#8221;center&#8221; _builder_version=&#8221;3.0.51&#8243; background_size=&#8221;initial&#8221; background_position=&#8221;top_left&#8221; background_repeat=&#8221;repeat&#8221;]<\/p>\n<li>Hardware<\/li>\n<li>Software<\/li>\n<li>Estructura de datos<\/li>\n<li>Lenguaje de Computacion<\/li>\n<li>Programacion de Computadoras<\/li>\n<li>Redes<\/li>\n<li>Analisis de sistemas<\/li>\n<li>Seguridad inform&aacute;tica<\/li>\n<p>[\/et_pb_blurb][\/et_pb_column][et_pb_column type=&#8221;1_3&#8243;][et_pb_blurb admin_label=&#8221;Blurb&#8221; title=&#8221;CONVENIO CON EMPRESAS&#8221; use_icon=&#8221;on&#8221; font_icon=&#8221;%%144%%&#8221; icon_color=&#8221;#2ad4e0&#8243; use_circle=&#8221;on&#8221; circle_color=&#8221;#0d2035&#8243; background_layout=&#8221;dark&#8221; text_orientation=&#8221;center&#8221; _builder_version=&#8221;3.0.51&#8243; background_size=&#8221;initial&#8221; background_position=&#8221;top_left&#8221; background_repeat=&#8221;repeat&#8221;]<\/p>\n<p>La facultad posee mas de 520 de convenios con empresas de distintos rubros.<\/p>\n<p>[\/et_pb_blurb][\/et_pb_column][et_pb_column type=&#8221;1_3&#8243;][et_pb_blurb admin_label=&#8221;Blurb&#8221; title=&#8221;SALIDA LABORAL&#8221; use_icon=&#8221;on&#8221; font_icon=&#8221;%%286%%&#8221; icon_color=&#8221;#9633e8&#8243; use_circle=&#8221;on&#8221; circle_color=&#8221;#0d2035&#8243; background_layout=&#8221;dark&#8221; text_orientation=&#8221;center&#8221; _builder_version=&#8221;3.0.51&#8243; background_size=&#8221;initial&#8221; background_position=&#8221;top_left&#8221; background_repeat=&#8221;repeat&#8221;]<\/p>\n<li>Programador<\/li>\n<li>Desarrollador de Software<\/li>\n<li>Desarrollador Web<\/li>\n<li>Consultor Informatico<\/li>\n<li>Constructor de Sistemas Informaticos<\/li>\n<li>Soporte Tecnico<\/li>\n<li>Tester de Software<\/li>\n<p>[\/et_pb_blurb][\/et_pb_column][\/et_pb_row][\/et_pb_section][et_pb_section bb_built=&#8221;1&#8243; admin_label=&#8221;section&#8221; module_id=&#8221;builder&#8221; _builder_version=&#8221;3.0.51&#8243;][et_pb_row admin_label=&#8221;row&#8221; _builder_version=&#8221;3.0.47&#8243; background_size=&#8221;initial&#8221; background_position=&#8221;top_left&#8221; background_repeat=&#8221;repeat&#8221;][et_pb_column type=&#8221;4_4&#8243;][et_pb_text admin_label=&#8221;Text&#8221; text_orientation=&#8221;center&#8221; _builder_version=&#8221;3.0.51&#8243; background_size=&#8221;initial&#8221; background_position=&#8221;top_left&#8221; background_repeat=&#8221;repeat&#8221;]<\/p>\n<h1>PLAN ACADEMICO<\/h1>\n<\/p>\n<p>[\/et_pb_text][\/et_pb_column][\/et_pb_row][et_pb_row admin_label=&#8221;row&#8221; _builder_version=&#8221;3.0.47&#8243; background_size=&#8221;initial&#8221; background_position=&#8221;top_left&#8221; background_repeat=&#8221;repeat&#8221;][et_pb_column type=&#8221;4_4&#8243;][et_pb_image admin_label=&#8221;Image&#8221; src=&#8221;http:\/\/conexion.ub.edu.ar\/wp-content\/uploads\/2018\/05\/Plan-de-carreras_tecProgra.png&#8221; force_fullwidth=&#8221;on&#8221; _builder_version=&#8221;3.0.51&#8243; \/][\/et_pb_column][\/et_pb_row][et_pb_row admin_label=&#8221;row&#8221; _builder_version=&#8221;3.0.51&#8243; background_size=&#8221;initial&#8221; background_position=&#8221;top_left&#8221; background_repeat=&#8221;repeat&#8221;][et_pb_column type=&#8221;4_4&#8243;][et_pb_button admin_label=&#8221;Button&#8221; button_url=&#8221;http:\/\/conexion.ub.edu.ar\/wp-content\/uploads\/2018\/05\/plan_programacion.pdf&#8221; button_text=&#8221;Descargar Plan de Estudios&#8221; button_alignment=&#8221;center&#8221; _builder_version=&#8221;3.0.51&#8243; custom_button=&#8221;on&#8221; button_text_size=&#8221;20px&#8221; button_text_color=&#8221;#0c0c0c&#8221; button_bg_color=&#8221;#c9c9c9&#8243; button_border_width=&#8221;0px&#8221; button_border_radius=&#8221;23px&#8221; button_icon=&#8221;%%254%%&#8221; custom_css_main_element=&#8221;||&#8221; background_color=&#8221;#7EBEC5&#8243; \/][\/et_pb_column][\/et_pb_row][\/et_pb_section][et_pb_section bb_built=&#8221;1&#8243; admin_label=&#8221;section&#8221; fullwidth=&#8221;on&#8221; module_id=&#8221;backgrounds&#8221; _builder_version=&#8221;3.0.51&#8243; parallax=&#8221;on&#8221; global_module=&#8221;24790&#8243;][et_pb_fullwidth_slider admin_label=&#8221;Fullwidth Slider&#8221; global_parent=&#8221;24790&#8243; auto=&#8221;on&#8221; parallax=&#8221;on&#8221; _builder_version=&#8221;3.0.51&#8243; show_arrows=&#8221;on&#8221; show_pagination=&#8221;on&#8221; parallax_method=&#8221;off&#8221; remove_inner_shadow=&#8221;off&#8221; custom_button=&#8221;off&#8221; button_letter_spacing=&#8221;0&#8243; button_icon_placement=&#8221;right&#8221; button_letter_spacing_hover=&#8221;0&#8243; auto_ignore_hover=&#8221;off&#8221; hide_content_on_mobile=&#8221;off&#8221; hide_cta_on_mobile=&#8221;off&#8221; show_image_video_mobile=&#8221;off&#8221;]<\/p>\n<p>[et_pb_slide heading=&#8221;Carreras cortas universitarias&#8221; background_image=&#8221;http:\/\/dev.conexionub.com\/wp-content\/uploads\/2018\/05\/fondo1.png&#8221; _builder_version=&#8221;3.0.47&#8243; background_color=&#8221;#ffffff&#8221; use_background_color_gradient=&#8221;on&#8221; background_color_gradient_start=&#8221;#ff6060&#8243; background_color_gradient_end=&#8221;#840000&#8243; background_color_gradient_type=&#8221;linear&#8221; background_color_gradient_direction=&#8221;180deg&#8221; background_color_gradient_direction_radial=&#8221;center&#8221; background_color_gradient_start_position=&#8221;0%&#8221; background_color_gradient_end_position=&#8221;100%&#8221; parallax=&#8221;off&#8221; parallax_method=&#8221;off&#8221; background_position=&#8221;center&#8221; background_size=&#8221;cover&#8221; background_repeat=&#8221;no-repeat&#8221; background_blend=&#8221;normal&#8221; allow_player_pause=&#8221;off&#8221; use_bg_overlay=&#8221;off&#8221; use_text_overlay=&#8221;off&#8221; text_border_radius=&#8221;3&#8243; alignment=&#8221;center&#8221; background_layout=&#8221;dark&#8221; header_font_select=&#8221;default&#8221; header_font=&#8221;||||&#8221; body_font_select=&#8221;default&#8221; body_font=&#8221;||||&#8221; custom_button=&#8221;off&#8221; button_font_select=&#8221;default&#8221; button_font=&#8221;||||&#8221; button_use_icon=&#8221;default&#8221; button_icon_placement=&#8221;right&#8221; button_on_hover=&#8221;on&#8221;]<\/p>\n<p class=\"\">La Universidad de Belgrano forma a sus egresados para que puedan desempe\u00f1arse como programadores con una s\u00f3lida base conceptual para la especificaci\u00f3n, codificaci\u00f3n, prueba e implementaci\u00f3n de programas de aplicaciones empresariales o similares. Adem\u00e1s, los inserta en el proceso de producci\u00f3n de software con amplio conocimiento de los lenguajes de mayor difusi\u00f3n y los utilitarios de uso generalizado.<\/p>\n<p>[\/et_pb_slide]<\/p>\n<p>[\/et_pb_fullwidth_slider][et_pb_fullwidth_image admin_label=&#8221;Fullwidth Image&#8221; global_parent=&#8221;24790&#8243; url=&#8221;https:\/\/www.youtube.com\/watch?v=5YAaTffaBRw&#8221; _builder_version=&#8221;3.0.51&#8243; \/][et_pb_fullwidth_image admin_label=&#8221;Fullwidth Image&#8221; global_parent=&#8221;24790&#8243; url=&#8221;https:\/\/www.youtube.com\/watch?v=5YAaTffaBRw&#8221; _builder_version=&#8221;3.0.51&#8243; \/][et_pb_fullwidth_image admin_label=&#8221;Fullwidth Image&#8221; global_parent=&#8221;24790&#8243; _builder_version=&#8221;3.0.51&#8243; \/][\/et_pb_section][et_pb_section bb_built=&#8221;1&#8243; admin_label=&#8221;section&#8221; module_id=&#8221;layouts&#8221; _builder_version=&#8221;3.0.47&#8243;][et_pb_row admin_label=&#8221;row&#8221; _builder_version=&#8221;3.0.47&#8243; background_size=&#8221;initial&#8221; background_position=&#8221;top_left&#8221; background_repeat=&#8221;repeat&#8221;][et_pb_column type=&#8221;1_2&#8243;][et_pb_image admin_label=&#8221;Image&#8221; src=&#8221;http:\/\/conexion.ub.edu.ar\/wp-content\/uploads\/2018\/05\/carrerasCortas.jpg&#8221; animation=&#8221;right&#8221; _builder_version=&#8221;3.0.51&#8243; use_border_color=&#8221;on&#8221; border_color=&#8221;#757575&#8243; border_width=&#8221;6px&#8221; border_style=&#8221;double&#8221; \/][\/et_pb_column][et_pb_column type=&#8221;1_2&#8243;][et_pb_divider admin_label=&#8221;Divider&#8221; height=&#8221;70&#8243; _builder_version=&#8221;3.0.47&#8243; \/][et_pb_cta admin_label=&#8221;Call To Action&#8221; title=&#8221;Requisitos de Ingreso&#8221; button_url=&#8221;https:\/\/youtu.be\/F5yPVNp2JCo&#8221; button_text=&#8221;Saber mas&#8230;&#8221; use_background_color=&#8221;off&#8221; background_layout=&#8221;light&#8221; text_orientation=&#8221;left&#8221; _builder_version=&#8221;3.0.51&#8243; background_size=&#8221;initial&#8221; background_position=&#8221;top_left&#8221; background_repeat=&#8221;repeat&#8221;]<\/p>\n<ul>\n<li>Contar con t\u00edtulo secundario.<\/li>\n<li>Concurrir a la Jornada Informativa introductoria de la Universidad.<\/li>\n<li>Asistir a una entrevista de admisi\u00f3n con un directivo de la  carrera.<\/li>\n<\/ul>\n<p>[\/et_pb_cta][\/et_pb_column][\/et_pb_row][\/et_pb_section][et_pb_section bb_built=&#8221;1&#8243; admin_label=&#8221;section&#8221; background_color=&#8221;#f74b47&#8243; _builder_version=&#8221;3.0.47&#8243;][et_pb_row admin_label=&#8221;row&#8221; _builder_version=&#8221;3.0.47&#8243; background_size=&#8221;initial&#8221; background_position=&#8221;top_left&#8221; background_repeat=&#8221;repeat&#8221;][et_pb_column type=&#8221;4_4&#8243;][et_pb_cta admin_label=&#8221;Call To Action&#8221; title=&#8221;comunicate con nosotros&#8221; button_url=&#8221;\/..\/index.php\/Contacto&#8221; button_text=&#8221;CONTACTO&#8221; use_background_color=&#8221;off&#8221; _builder_version=&#8221;3.0.51&#8243; background_size=&#8221;initial&#8221; background_position=&#8221;top_left&#8221; background_repeat=&#8221;repeat&#8221;]<\/p>\n<p>Para mas informacion no dudes en contactarte con nosotros haciendo click en el siguiente boton<\/p>\n<p>[\/et_pb_cta][\/et_pb_column][\/et_pb_row][\/et_pb_section]<\/p>\n","protected":false},"excerpt":{"rendered":"<p>Tecnicatura en Programacion de Computadoras Hardware Software Estructura de datos Lenguaje de Computacion Programacion de Computadoras Redes Analisis de sistemas Seguridad inform&aacute;tica La facultad posee mas de 520 de convenios con empresas de distintos rubros. Programador Desarrollador de Software Desarrollador Web Consultor Informatico Constructor de Sistemas Informaticos Soporte Tecnico Tester de Software PLAN ACADEMICO La [&hellip;]<\/p>\n","protected":false},"author":5,"featured_media":0,"parent":0,"menu_order":0,"comment_status":"closed","ping_status":"closed","template":"","meta":{"_et_pb_use_builder":"on","_et_pb_old_content":"","_et_gb_content_width":"","footnotes":""},"class_list":["post-321","page","type-page","status-publish","hentry"],"_links":{"self":[{"href":"https:\/\/conexion.ub.edu.ar\/index.php\/wp-json\/wp\/v2\/pages\/321","targetHints":{"allow":["GET"]}}],"collection":[{"href":"https:\/\/conexion.ub.edu.ar\/index.php\/wp-json\/wp\/v2\/pages"}],"about":[{"href":"https:\/\/conexion.ub.edu.ar\/index.php\/wp-json\/wp\/v2\/types\/page"}],"author":[{"embeddable":true,"href":"https:\/\/conexion.ub.edu.ar\/index.php\/wp-json\/wp\/v2\/users\/5"}],"replies":[{"embeddable":true,"href":"https:\/\/conexion.ub.edu.ar\/index.php\/wp-json\/wp\/v2\/comments?post=321"}],"version-history":[{"count":15,"href":"https:\/\/conexion.ub.edu.ar\/index.php\/wp-json\/wp\/v2\/pages\/321\/revisions"}],"predecessor-version":[{"id":24828,"href":"https:\/\/conexion.ub.edu.ar\/index.php\/wp-json\/wp\/v2\/pages\/321\/revisions\/24828"}],"wp:attachment":[{"href":"https:\/\/conexion.ub.edu.ar\/index.php\/wp-json\/wp\/v2\/media?parent=321"}],"curies":[{"name":"wp","href":"https:\/\/api.w.org\/{rel}","templated":true}]}}