
{"id":306,"date":"2018-05-26T12:42:04","date_gmt":"2018-05-26T15:42:04","guid":{"rendered":"https:\/\/dev.conexionub.com\/?page_id=306"},"modified":"2018-11-01T20:04:00","modified_gmt":"2018-11-01T23:04:00","slug":"lic-sistemas-2","status":"publish","type":"page","link":"https:\/\/conexion.ub.edu.ar\/index.php\/lic-sistemas-2\/","title":{"rendered":"Lic-Sistemas"},"content":{"rendered":"<p>[et_pb_section bb_built=&#8221;1&#8243; admin_label=&#8221;section&#8221; custom_padding=&#8221;54px|3px|54px|0px&#8221; _builder_version=&#8221;3.0.51&#8243; background_image=&#8221;http:\/\/conexion.ub.edu.ar\/wp-content\/uploads\/2018\/05\/pepeFondo.png&#8221; parallax=&#8221;on&#8221;][et_pb_row admin_label=&#8221;row&#8221; _builder_version=&#8221;3.0.51&#8243; background_size=&#8221;initial&#8221; background_position=&#8221;top_left&#8221; background_repeat=&#8221;repeat&#8221; custom_css_main_element=&#8221;background-image: linear-gradient(120deg, #fdfbfb 0%, #ebedee 100%);||opacity:0.5;||border-radius:25px;&#8221;][et_pb_column type=&#8221;4_4&#8243;][et_pb_text admin_label=&#8221;Text&#8221; background_layout=&#8221;dark&#8221; text_orientation=&#8221;center&#8221; _builder_version=&#8221;3.0.51&#8243; background_size=&#8221;initial&#8221; background_position=&#8221;top_left&#8221; background_repeat=&#8221;repeat&#8221; border_style=&#8221;solid&#8221;]<\/p>\n<h1 style=\"font-size: 38px;\"><span style=\"color: #111111;\">Licenciatura<\/span><\/h1>\n<h1 style=\"font-size: 38px;\"><span style=\"color: #111111;\">en<\/span><\/h1>\n<h1 style=\"font-size: 38px;\"><span style=\"color: #111111;\">Sistemas de Informacion<\/span><\/h1>\n<p>[\/et_pb_text][\/et_pb_column][\/et_pb_row][et_pb_row admin_label=&#8221;row&#8221; custom_padding=&#8221;27px|0px|27px|0px&#8221; _builder_version=&#8221;3.0.51&#8243; background_size=&#8221;initial&#8221; background_position=&#8221;top_left&#8221; background_repeat=&#8221;repeat&#8221; custom_css_main_element=&#8221;max-width: 500px;||max-height:500px;&#8221;][et_pb_column type=&#8221;4_4&#8243;][et_pb_image admin_label=&#8221;Image&#8221; src=&#8221;http:\/\/conexion.ub.edu.ar\/wp-content\/uploads\/2018\/05\/lic-sistemas.gif&#8221; animation=&#8221;bottom&#8221; max_width_last_edited=&#8221;on|desktop&#8221; force_fullwidth=&#8221;on&#8221; _builder_version=&#8221;3.0.51&#8243; \/][\/et_pb_column][\/et_pb_row][et_pb_row admin_label=&#8221;row&#8221; _builder_version=&#8221;3.0.51&#8243; background_size=&#8221;initial&#8221; background_position=&#8221;top_left&#8221; background_repeat=&#8221;repeat&#8221;][et_pb_column type=&#8221;1_3&#8243;][et_pb_blurb admin_label=&#8221;Blurb&#8221; title=&#8221;CONOCIMIENTOS&#8221; use_icon=&#8221;on&#8221; font_icon=&#8221;%%103%%&#8221; icon_color=&#8221;#2ea3f2&#8243; use_circle=&#8221;on&#8221; circle_color=&#8221;#0d2035&#8243; background_layout=&#8221;dark&#8221; text_orientation=&#8221;center&#8221; _builder_version=&#8221;3.0.51&#8243; background_size=&#8221;initial&#8221; background_position=&#8221;top_left&#8221; background_repeat=&#8221;repeat&#8221;]<\/p>\n<li><span>Lenguajes de programaci\u00f3n<\/span><\/li>\n<li><span>Bases de datos, Big Data, Business Intelligence<\/span><\/li>\n<li><span>Algoritmos complejos<\/span><\/li>\n<li><span>Hardware y redes<\/span><\/li>\n<li><span>Gesti\u00f3n de procesos, proyectos y del conocimiento<\/span><\/li>\n<li><span>Gesti\u00f3n estrat\u00e9gica de la empresa<\/span><\/li>\n<li>Modelos y simulaci\u00f3n<\/li>\n<li>Inteligencia artificial y rob\u00f3tica<\/li>\n<li>Seguridad inform\u00e1tica<\/li>\n<li>Calidad de procesos y productos de software<\/li>\n<li>Econom\u00eda y administraci\u00f3n organizacional<\/li>\n<p>[\/et_pb_blurb][\/et_pb_column][et_pb_column type=&#8221;1_3&#8243;][et_pb_blurb admin_label=&#8221;Blurb&#8221; title=&#8221;INTERCAMBIO INTERNACIONAL&#8221; use_icon=&#8221;on&#8221; font_icon=&#8221;%%164%%&#8221; icon_color=&#8221;#2ad4e0&#8243; use_circle=&#8221;on&#8221; circle_color=&#8221;#0d2035&#8243; background_layout=&#8221;dark&#8221; text_orientation=&#8221;center&#8221; _builder_version=&#8221;3.0.51&#8243; background_size=&#8221;initial&#8221; background_position=&#8221;top_left&#8221; background_repeat=&#8221;repeat&#8221;]<\/p>\n<p class=\"\">Convenios de Intercambio Internacional<\/p>\n<p>[\/et_pb_blurb][\/et_pb_column][et_pb_column type=&#8221;1_3&#8243;][et_pb_blurb admin_label=&#8221;Blurb&#8221; title=&#8221;SALIDA LABORAL&#8221; use_icon=&#8221;on&#8221; font_icon=&#8221;%%286%%&#8221; icon_color=&#8221;#9633e8&#8243; use_circle=&#8221;on&#8221; circle_color=&#8221;#0d2035&#8243; background_layout=&#8221;dark&#8221; text_orientation=&#8221;center&#8221; _builder_version=&#8221;3.0.51&#8243; background_size=&#8221;initial&#8221; background_position=&#8221;top_left&#8221; background_repeat=&#8221;repeat&#8221;]<\/p>\n<li>Gerente de Sistemas\/Tecnolog\u00eda<\/li>\n<li>Responsable\/Jefe de Infraestructura<\/li>\n<li>Administrador de Servidores\/Soporte T\u00e9cnico\/Redes<\/li>\n<li>Gerente de Proyectos\/L\u00edder de Proyecto de Sistemas<\/li>\n<li>Arquitecto de Software<\/li>\n<li>Responsable de Desarrollo de Aplicaciones<\/li>\n<li>Programador C\/S, Web, Mobile, Cloud, de sistemas inteligentes, etc.<\/li>\n<li>Analista de Business Intelligence\/Big Data<\/li>\n<li>Consultor\/Auditor\/Perito de calidad de software, seguridad inform\u00e1tica, etc.<\/li>\n<p>[\/et_pb_blurb][\/et_pb_column][\/et_pb_row][\/et_pb_section][et_pb_section bb_built=&#8221;1&#8243; admin_label=&#8221;section&#8221; module_id=&#8221;builder&#8221; _builder_version=&#8221;3.0.51&#8243; global_module=&#8221;24754&#8243;][et_pb_row admin_label=&#8221;row&#8221; global_parent=&#8221;24754&#8243; _builder_version=&#8221;3.0.47&#8243; background_size=&#8221;initial&#8221; background_position=&#8221;top_left&#8221; background_repeat=&#8221;repeat&#8221;][et_pb_column type=&#8221;4_4&#8243;][et_pb_text admin_label=&#8221;Text&#8221; global_parent=&#8221;24754&#8243; text_orientation=&#8221;center&#8221; _builder_version=&#8221;3.0.51&#8243; background_size=&#8221;initial&#8221; background_position=&#8221;top_left&#8221; background_repeat=&#8221;repeat&#8221; background_layout=&#8221;light&#8221; border_style=&#8221;solid&#8221;]<\/p>\n<h1>PLAN ACADEMICO<\/h1>\n<\/p>\n<p>[\/et_pb_text][\/et_pb_column][\/et_pb_row][et_pb_row admin_label=&#8221;row&#8221; global_parent=&#8221;24754&#8243; _builder_version=&#8221;3.0.47&#8243; background_size=&#8221;initial&#8221; background_position=&#8221;top_left&#8221; background_repeat=&#8221;repeat&#8221;][et_pb_column type=&#8221;4_4&#8243;][et_pb_image admin_label=&#8221;Image&#8221; global_parent=&#8221;24754&#8243; src=&#8221;http:\/\/conexion.ub.edu.ar\/wp-content\/uploads\/2018\/05\/Plan-de-carrerasLic.jpg&#8221; force_fullwidth=&#8221;on&#8221; _builder_version=&#8221;3.0.51&#8243; show_in_lightbox=&#8221;off&#8221; url_new_window=&#8221;off&#8221; use_overlay=&#8221;off&#8221; sticky=&#8221;off&#8221; align=&#8221;left&#8221; always_center_on_mobile=&#8221;on&#8221; border_style=&#8221;solid&#8221; \/][\/et_pb_column][\/et_pb_row][et_pb_row admin_label=&#8221;row&#8221; global_parent=&#8221;24754&#8243; _builder_version=&#8221;3.0.51&#8243; background_position=&#8221;top_left&#8221; background_repeat=&#8221;repeat&#8221; background_size=&#8221;initial&#8221;][et_pb_column type=&#8221;4_4&#8243;][et_pb_button admin_label=&#8221;Button&#8221; global_parent=&#8221;24754&#8243; button_url=&#8221;http:\/\/conexion.ub.edu.ar\/wp-content\/uploads\/2018\/05\/plan_sistemas.pdf&#8221; button_text=&#8221;Descargar Plan de Estudios&#8221; button_alignment=&#8221;center&#8221; _builder_version=&#8221;3.0.51&#8243; custom_button=&#8221;on&#8221; button_text_size=&#8221;20px&#8221; button_text_color=&#8221;#0c0c0c&#8221; button_bg_color=&#8221;#c9c9c9&#8243; button_border_width=&#8221;0px&#8221; button_border_radius=&#8221;23px&#8221; button_icon=&#8221;%%254%%&#8221; custom_css_main_element=&#8221;||&#8221; background_color=&#8221;#7EBEC5&#8243; url_new_window=&#8221;off&#8221; background_layout=&#8221;light&#8221; button_letter_spacing=&#8221;0&#8243; button_icon_placement=&#8221;right&#8221; button_letter_spacing_hover=&#8221;0&#8243; \/][\/et_pb_column][\/et_pb_row][\/et_pb_section][et_pb_section bb_built=&#8221;1&#8243; admin_label=&#8221;section&#8221; fullwidth=&#8221;on&#8221; module_id=&#8221;backgrounds&#8221; _builder_version=&#8221;3.0.51&#8243; parallax=&#8221;on&#8221; global_module=&#8221;24755&#8243;][et_pb_fullwidth_slider admin_label=&#8221;Fullwidth Slider&#8221; global_parent=&#8221;24755&#8243; auto=&#8221;on&#8221; parallax=&#8221;on&#8221; _builder_version=&#8221;3.0.51&#8243; show_arrows=&#8221;on&#8221; show_pagination=&#8221;on&#8221; parallax_method=&#8221;off&#8221; remove_inner_shadow=&#8221;off&#8221; custom_button=&#8221;off&#8221; button_letter_spacing=&#8221;0&#8243; button_icon_placement=&#8221;right&#8221; button_letter_spacing_hover=&#8221;0&#8243; auto_ignore_hover=&#8221;off&#8221; hide_content_on_mobile=&#8221;off&#8221; hide_cta_on_mobile=&#8221;off&#8221; show_image_video_mobile=&#8221;off&#8221;]<\/p>\n<p>[et_pb_slide heading=&#8221;Productos Acad\u00e9micos&#8221; background_image=&#8221;http:\/\/dev.conexionub.com\/wp-content\/uploads\/2018\/05\/fondo1.png&#8221; _builder_version=&#8221;3.0.47&#8243; background_color=&#8221;#ffffff&#8221; use_background_color_gradient=&#8221;on&#8221; background_color_gradient_start=&#8221;#ff4f4f&#8221; background_color_gradient_end=&#8221;#b52626&#8243; background_color_gradient_type=&#8221;radial&#8221; background_color_gradient_direction=&#8221;180deg&#8221; background_color_gradient_direction_radial=&#8221;center&#8221; background_color_gradient_start_position=&#8221;0%&#8221; background_color_gradient_end_position=&#8221;100%&#8221; parallax=&#8221;off&#8221; parallax_method=&#8221;off&#8221; background_position=&#8221;center&#8221; background_size=&#8221;cover&#8221; background_repeat=&#8221;no-repeat&#8221; background_blend=&#8221;normal&#8221; allow_player_pause=&#8221;off&#8221; use_bg_overlay=&#8221;off&#8221; use_text_overlay=&#8221;off&#8221; text_border_radius=&#8221;3&#8243; alignment=&#8221;center&#8221; background_layout=&#8221;dark&#8221; header_font_select=&#8221;default&#8221; header_font=&#8221;||||&#8221; body_font_select=&#8221;default&#8221; body_font=&#8221;||||&#8221; custom_button=&#8221;off&#8221; button_font_select=&#8221;default&#8221; button_font=&#8221;||||&#8221; button_use_icon=&#8221;default&#8221; button_icon_placement=&#8221;right&#8221; button_on_hover=&#8221;on&#8221;]<\/p>\n<p class=\"\">Estos son algunos de los productos acad\u00e9micos desarrollados por los estudiantes de la facultad de Ingenieria de Informatica y Licenciatura de Informatica.<\/p>\n<p>[\/et_pb_slide]<\/p>\n<p>[\/et_pb_fullwidth_slider][et_pb_fullwidth_image admin_label=&#8221;Fullwidth Image&#8221; global_parent=&#8221;24755&#8243; url=&#8221;https:\/\/www.youtube.com\/watch?v=5YAaTffaBRw&#8221; _builder_version=&#8221;3.0.51&#8243; \/][et_pb_fullwidth_image admin_label=&#8221;Fullwidth Image&#8221; global_parent=&#8221;24755&#8243; url=&#8221;https:\/\/www.youtube.com\/watch?v=5YAaTffaBRw&#8221; _builder_version=&#8221;3.0.51&#8243; \/][et_pb_fullwidth_image admin_label=&#8221;Fullwidth Image&#8221; global_parent=&#8221;24755&#8243; _builder_version=&#8221;3.0.51&#8243; \/][\/et_pb_section][et_pb_section bb_built=&#8221;1&#8243; admin_label=&#8221;section&#8221; module_id=&#8221;layouts&#8221; _builder_version=&#8221;3.0.51&#8243; global_module=&#8221;24756&#8243;][et_pb_row admin_label=&#8221;row&#8221; global_parent=&#8221;24756&#8243; _builder_version=&#8221;3.0.47&#8243; background_size=&#8221;initial&#8221; background_position=&#8221;top_left&#8221; background_repeat=&#8221;repeat&#8221;][et_pb_column type=&#8221;1_2&#8243;][et_pb_image admin_label=&#8221;Image&#8221; global_parent=&#8221;24756&#8243; src=&#8221;http:\/\/conexion.ub.edu.ar\/wp-content\/uploads\/2018\/05\/ai-cryptocurrency-cover.jpg&#8221; animation=&#8221;right&#8221; _builder_version=&#8221;3.0.51&#8243; use_border_color=&#8221;on&#8221; border_color=&#8221;#757575&#8243; border_width=&#8221;6px&#8221; border_style=&#8221;double&#8221; show_in_lightbox=&#8221;off&#8221; url_new_window=&#8221;off&#8221; use_overlay=&#8221;off&#8221; sticky=&#8221;off&#8221; align=&#8221;left&#8221; always_center_on_mobile=&#8221;on&#8221; force_fullwidth=&#8221;off&#8221; \/][\/et_pb_column][et_pb_column type=&#8221;1_2&#8243;][et_pb_divider admin_label=&#8221;Divider&#8221; global_parent=&#8221;24756&#8243; height=&#8221;70&#8243; _builder_version=&#8221;3.0.47&#8243; \/][et_pb_cta admin_label=&#8221;Call To Action&#8221; global_parent=&#8221;24756&#8243; title=&#8221;OCR con Redes Neuronales&#8221; button_url=&#8221;https:\/\/www.youtube.com\/watch?v=5YAaTffaBRw&#8221; button_text=&#8221;Ver mas&#8221; use_background_color=&#8221;off&#8221; background_layout=&#8221;light&#8221; text_orientation=&#8221;left&#8221; _builder_version=&#8221;3.0.51&#8243; background_size=&#8221;initial&#8221; background_position=&#8221;top_left&#8221; background_repeat=&#8221;repeat&#8221; url_new_window=&#8221;off&#8221; border_style=&#8221;solid&#8221; custom_button=&#8221;off&#8221; button_letter_spacing=&#8221;0&#8243; button_icon_placement=&#8221;right&#8221; button_letter_spacing_hover=&#8221;0&#8243;]<\/p>\n<p>El proyecto consiste en la deteccion de caracteres que se insertan en la aplicacion como imagenes. El mismo los reconoce con el uso de redes neuronales y aprende a medida que va obteniendo mas datos.<\/p>\n<p>[\/et_pb_cta][\/et_pb_column][\/et_pb_row][et_pb_row admin_label=&#8221;row&#8221; global_parent=&#8221;24756&#8243; _builder_version=&#8221;3.0.47&#8243; background_size=&#8221;initial&#8221; background_position=&#8221;top_left&#8221; background_repeat=&#8221;repeat&#8221;][et_pb_column type=&#8221;1_2&#8243;][et_pb_divider admin_label=&#8221;Divider&#8221; global_parent=&#8221;24756&#8243; height=&#8221;40&#8243; _builder_version=&#8221;3.0.47&#8243; \/][et_pb_cta admin_label=&#8221;Call To Action&#8221; global_parent=&#8221;24756&#8243; title=&#8221;Expendedora de Bebidas&#8221; button_url=&#8221;https:\/\/www.youtube.com\/watch?v=5YAaTffaBRw&#8221; button_text=&#8221;Ver mas&#8221; use_background_color=&#8221;off&#8221; background_layout=&#8221;light&#8221; text_orientation=&#8221;right&#8221; _builder_version=&#8221;3.0.51&#8243; background_size=&#8221;initial&#8221; background_position=&#8221;top_left&#8221; background_repeat=&#8221;repeat&#8221; url_new_window=&#8221;off&#8221; border_style=&#8221;solid&#8221; custom_button=&#8221;off&#8221; button_letter_spacing=&#8221;0&#8243; button_icon_placement=&#8221;right&#8221; button_letter_spacing_hover=&#8221;0&#8243;]<\/p>\n<p class=\"\">La expededora de bebidas se trata de un desarrollo electromecanico, que con la ayuda de controladoras raspberry y un sistema de sensores mezcla bebidas haciendo los tragos clasicos a su perfeccion.<\/p>\n<p>[\/et_pb_cta][\/et_pb_column][et_pb_column type=&#8221;1_2&#8243;][et_pb_image admin_label=&#8221;Image&#8221; global_parent=&#8221;24756&#8243; src=&#8221;http:\/\/conexion.ub.edu.ar\/wp-content\/uploads\/2018\/05\/expendedorasDeBebidas.jpg&#8221; _builder_version=&#8221;3.0.51&#8243; use_border_color=&#8221;on&#8221; border_color=&#8221;#444444&#8243; border_width=&#8221;5px&#8221; border_style=&#8221;double&#8221; show_in_lightbox=&#8221;off&#8221; url_new_window=&#8221;off&#8221; use_overlay=&#8221;off&#8221; sticky=&#8221;off&#8221; align=&#8221;left&#8221; always_center_on_mobile=&#8221;on&#8221; force_fullwidth=&#8221;off&#8221; \/][\/et_pb_column][\/et_pb_row][et_pb_row admin_label=&#8221;row&#8221; global_parent=&#8221;24756&#8243; _builder_version=&#8221;3.0.47&#8243; background_size=&#8221;initial&#8221; background_position=&#8221;top_left&#8221; background_repeat=&#8221;repeat&#8221;][et_pb_column type=&#8221;1_2&#8243;][et_pb_image admin_label=&#8221;Image&#8221; global_parent=&#8221;24756&#8243; src=&#8221;http:\/\/conexion.ub.edu.ar\/wp-content\/uploads\/2018\/05\/robocarlos.jpg&#8221; animation=&#8221;right&#8221; _builder_version=&#8221;3.0.51&#8243; use_border_color=&#8221;on&#8221; border_color=&#8221;#757575&#8243; border_width=&#8221;6px&#8221; border_style=&#8221;double&#8221; show_in_lightbox=&#8221;off&#8221; url_new_window=&#8221;off&#8221; use_overlay=&#8221;off&#8221; sticky=&#8221;off&#8221; align=&#8221;left&#8221; always_center_on_mobile=&#8221;on&#8221; force_fullwidth=&#8221;off&#8221; \/][\/et_pb_column][et_pb_column type=&#8221;1_2&#8243;][et_pb_divider admin_label=&#8221;Divider&#8221; global_parent=&#8221;24756&#8243; height=&#8221;70&#8243; _builder_version=&#8221;3.0.51&#8243; divider_style=&#8221;solid&#8221; divider_position=&#8221;top&#8221; hide_on_mobile=&#8221;on&#8221; \/][et_pb_cta admin_label=&#8221;Call To Action&#8221; global_parent=&#8221;24756&#8243; title=&#8221;Robot medidor de distancia&#8221; button_url=&#8221;https:\/\/www.youtube.com\/watch?v=5YAaTffaBRw&#8221; button_text=&#8221;Ver mas&#8221; use_background_color=&#8221;off&#8221; background_layout=&#8221;light&#8221; text_orientation=&#8221;left&#8221; _builder_version=&#8221;3.0.51&#8243; background_size=&#8221;initial&#8221; background_position=&#8221;top_left&#8221; background_repeat=&#8221;repeat&#8221; url_new_window=&#8221;off&#8221; border_style=&#8221;solid&#8221; custom_button=&#8221;off&#8221; button_letter_spacing=&#8221;0&#8243; button_icon_placement=&#8221;right&#8221; button_letter_spacing_hover=&#8221;0&#8243;]<\/p>\n<p>Este robot autonomo medidor de distancia, se movia por espacios libremente y calculaba la distancia a los objetos mas cercanos mostrandolo en un display, a su vez escapaba de dichos obstaculos moviendose a la direccion opuesta.<\/p>\n<p>[\/et_pb_cta][\/et_pb_column][\/et_pb_row][\/et_pb_section][et_pb_section bb_built=&#8221;1&#8243; admin_label=&#8221;section&#8221; background_color=&#8221;#f74b47&#8243; _builder_version=&#8221;3.0.51&#8243; global_module=&#8221;24757&#8243;][et_pb_row admin_label=&#8221;row&#8221; global_parent=&#8221;24757&#8243; _builder_version=&#8221;3.0.47&#8243; background_size=&#8221;initial&#8221; background_position=&#8221;top_left&#8221; background_repeat=&#8221;repeat&#8221;][et_pb_column type=&#8221;4_4&#8243;][et_pb_cta admin_label=&#8221;Call To Action&#8221; global_parent=&#8221;24757&#8243; title=&#8221;comunicate con nosotros&#8221; button_url=&#8221;\/..\/index.php\/Contacto&#8221; button_text=&#8221;CONTACTO&#8221; use_background_color=&#8221;off&#8221; _builder_version=&#8221;3.0.51&#8243; background_size=&#8221;initial&#8221; background_position=&#8221;top_left&#8221; background_repeat=&#8221;repeat&#8221;]<\/p>\n<p>Para mas informacion no dudes en contactarte con nosotros haciendo click en el siguiente boton<\/p>\n<p>[\/et_pb_cta][\/et_pb_column][\/et_pb_row][\/et_pb_section]<\/p>\n","protected":false},"excerpt":{"rendered":"<p>Licenciatura en Sistemas de Informacion Lenguajes de programaci\u00f3n Bases de datos, Big Data, Business Intelligence Algoritmos complejos Hardware y redes Gesti\u00f3n de procesos, proyectos y del conocimiento Gesti\u00f3n estrat\u00e9gica de la empresa Modelos y simulaci\u00f3n Inteligencia artificial y rob\u00f3tica Seguridad inform\u00e1tica Calidad de procesos y productos de software Econom\u00eda y administraci\u00f3n organizacional Convenios de Intercambio [&hellip;]<\/p>\n","protected":false},"author":5,"featured_media":0,"parent":0,"menu_order":0,"comment_status":"closed","ping_status":"closed","template":"","meta":{"_et_pb_use_builder":"on","_et_pb_old_content":"","_et_gb_content_width":"","footnotes":""},"class_list":["post-306","page","type-page","status-publish","hentry"],"_links":{"self":[{"href":"https:\/\/conexion.ub.edu.ar\/index.php\/wp-json\/wp\/v2\/pages\/306","targetHints":{"allow":["GET"]}}],"collection":[{"href":"https:\/\/conexion.ub.edu.ar\/index.php\/wp-json\/wp\/v2\/pages"}],"about":[{"href":"https:\/\/conexion.ub.edu.ar\/index.php\/wp-json\/wp\/v2\/types\/page"}],"author":[{"embeddable":true,"href":"https:\/\/conexion.ub.edu.ar\/index.php\/wp-json\/wp\/v2\/users\/5"}],"replies":[{"embeddable":true,"href":"https:\/\/conexion.ub.edu.ar\/index.php\/wp-json\/wp\/v2\/comments?post=306"}],"version-history":[{"count":13,"href":"https:\/\/conexion.ub.edu.ar\/index.php\/wp-json\/wp\/v2\/pages\/306\/revisions"}],"predecessor-version":[{"id":24831,"href":"https:\/\/conexion.ub.edu.ar\/index.php\/wp-json\/wp\/v2\/pages\/306\/revisions\/24831"}],"wp:attachment":[{"href":"https:\/\/conexion.ub.edu.ar\/index.php\/wp-json\/wp\/v2\/media?parent=306"}],"curies":[{"name":"wp","href":"https:\/\/api.w.org\/{rel}","templated":true}]}}