
{"id":25475,"date":"2025-07-11T09:30:18","date_gmt":"2025-07-11T12:30:18","guid":{"rendered":"https:\/\/conexion.ub.edu.ar\/?page_id=25475"},"modified":"2025-07-11T10:29:29","modified_gmt":"2025-07-11T13:29:29","slug":"ayuda-tesis","status":"publish","type":"page","link":"https:\/\/conexion.ub.edu.ar\/index.php\/ayuda-tesis\/","title":{"rendered":"Ayuda Tesis"},"content":{"rendered":"<p>[et_pb_section fb_built=&#8221;1&#8243; _builder_version=&#8221;4.27.4&#8243; _module_preset=&#8221;default&#8221; background_image=&#8221;https:\/\/conexion.ub.edu.ar\/wp-content\/uploads\/2025\/04\/biblioteca2.jpg&#8221; global_colors_info=&#8221;{}&#8221;][et_pb_row _builder_version=&#8221;4.27.4&#8243; _module_preset=&#8221;default&#8221; min_height=&#8221;600px&#8221; global_colors_info=&#8221;{}&#8221;][et_pb_column type=&#8221;4_4&#8243; _builder_version=&#8221;4.27.4&#8243; _module_preset=&#8221;default&#8221; global_colors_info=&#8221;{}&#8221;][et_pb_text _builder_version=&#8221;4.27.4&#8243; _module_preset=&#8221;default&#8221; background_color=&#8221;#03b772&#8243; global_colors_info=&#8221;{}&#8221;]<\/p>\n<h4 style=\"text-align: center;\"><span style=\"color: #ccffff;\"><strong><u>Ayuda de la P\u00e1gina<\/u><\/strong><\/span><\/h4>\n<p style=\"padding-left: 40px;\"><span style=\"color: #ccffff;\">1. P\u00e1gina principal de Tesis y Trabajos de investigaci\u00f3n:<\/span><\/p>\n<p style=\"padding-left: 80px;\"><span style=\"color: #ccffff;\">M<\/span><span style=\"color: #ccffff;\">uestra la base de datos de todas las tesis o trabajos de investigaci\u00f3n. La misma se desplaza horizontalmente para ver la tabla en toda su extensi\u00f3n. Al dar clic sobre el archivo si es .doc el mismo se descargar\u00e1. Si es .pdf se abrir\u00e1 en el navegador en una pesta\u00f1a nueva.<\/span><\/p>\n<p style=\"padding-left: 80px;\"><span style=\"color: #ccffff;\">Se puede realizar un filtrado por t\u00edtulo, autor, tutor, carrera y\/o fecha.<\/span><\/p>\n<p style=\"padding-left: 40px;\"><span style=\"color: #ccffff;\">2. Cargar Tesis &#8211; Trabajo de Investigaci\u00f3n:<\/span><\/p>\n<p style=\"padding-left: 80px;\"><span style=\"color: #ccffff;\">\u00a0<\/span><span style=\"color: #ccffff; text-align: justify;\">&#8211; Contrase\u00f1a: la misma solo puede ser vista por el administrador y se encuentra en la p\u00e1gina de mantenimiento (bot\u00f3n del s\u00edmbolo de herramientas). Puede ser modificada por los administradores del sitio modificando el c\u00f3digo del bot\u00f3n de carga de tesis o trabajo de investigaci\u00f3n.<\/span><\/p>\n<p style=\"text-align: justify; padding-left: 80px;\"><span style=\"color: #ccffff; font-size: 14px; text-align: left;\">&#8211; Todos los campos est\u00e1n validados.<\/span><\/p>\n<p style=\"text-align: justify; padding-left: 80px;\"><span style=\"color: #ccffff; font-size: 14px; text-align: left;\">&#8211; T\u00edtulo, Descripci\u00f3n, Autor y Tutor: tienen una cantidad m\u00ednima de caracteres a introducir.<\/span><\/p>\n<p style=\"text-align: justify; padding-left: 80px;\"><span style=\"color: #ccffff; font-size: 14px; text-align: left;\">&#8211; Carrera es un men\u00fa desplegable con la carrera de la Facultad. Para modificar el mismo se debe modificar el archivo functions.php del tema hijo.<\/span><\/p>\n<p style=\"text-align: justify; padding-left: 80px;\"><span style=\"color: #ccffff; font-size: 14px; text-align: left;\">&#8211; Correo Electr\u00f3nico: est\u00e1 validado como mail.<\/span><\/p>\n<p style=\"text-align: justify; padding-left: 80px;\"><span style=\"color: #ccffff; font-size: 14px; text-align: left;\">&#8211; Fecha: validado a dos caracteres para el d\u00eda, dos para mes y cuatro para a\u00f1o.<\/span><\/p>\n<p style=\"text-align: justify; padding-left: 80px;\"><span style=\"color: #ccffff; font-size: 14px; text-align: left;\">&#8211; Seleccionar Archivo: El archivo a subir debe ser .doc o .pdf<\/span><\/p>\n<p style=\"padding-left: 40px;\"><span style=\"color: #ccffff;\">\u00a0<\/span><span style=\"color: #ccffff;\">3. Mantenimiento:<\/span><\/p>\n<p style=\"padding-left: 80px;\"><span style=\"color: #ccffff;\">\u00a0<\/span><span style=\"color: #ccffff;\">Es un CRUD o ABM que permite administrar la base de datos de las tesis o trabajos de investigaci\u00f3n.<\/span><\/p>\n<p><span style=\"color: #ccffff;\"><\/span><\/p>\n<p>[\/et_pb_text][\/et_pb_column][\/et_pb_row][et_pb_row _builder_version=&#8221;4.27.4&#8243; _module_preset=&#8221;default&#8221; global_colors_info=&#8221;{}&#8221;][et_pb_column type=&#8221;4_4&#8243; _builder_version=&#8221;4.27.4&#8243; _module_preset=&#8221;default&#8221; global_colors_info=&#8221;{}&#8221;][et_pb_button button_url=&#8221;https:\/\/conexion.ub.edu.ar\/index.php\/tesis-facultad\/&#8221; button_text=&#8221;Volver al listado de Tesis&#8221; button_alignment=&#8221;right&#8221; _builder_version=&#8221;4.27.4&#8243; _module_preset=&#8221;default&#8221; custom_button=&#8221;on&#8221; button_text_size=&#8221;14px&#8221; button_text_color=&#8221;#FFFFFF&#8221; button_bg_color=&#8221;#3874FF&#8221; button_border_color=&#8221;#0C71C3&#8243; button_border_radius=&#8221;5px&#8221; button_font=&#8221;||||||||&#8221; button_icon=&#8221;&#x24;||divi||400&#8243; global_colors_info=&#8221;{}&#8221;][\/et_pb_button][\/et_pb_column][\/et_pb_row][\/et_pb_section]<\/p>\n","protected":false},"excerpt":{"rendered":"<p>Ayuda de la P\u00e1gina 1. P\u00e1gina principal de Tesis y Trabajos de investigaci\u00f3n: Muestra la base de datos de todas las tesis o trabajos de investigaci\u00f3n. La misma se desplaza horizontalmente para ver la tabla en toda su extensi\u00f3n. Al dar clic sobre el archivo si es .doc el mismo se descargar\u00e1. Si es .pdf [&hellip;]<\/p>\n","protected":false},"author":8,"featured_media":0,"parent":0,"menu_order":0,"comment_status":"closed","ping_status":"closed","template":"","meta":{"_et_pb_use_builder":"on","_et_pb_old_content":"","_et_gb_content_width":"","footnotes":""},"class_list":["post-25475","page","type-page","status-publish","hentry"],"_links":{"self":[{"href":"https:\/\/conexion.ub.edu.ar\/index.php\/wp-json\/wp\/v2\/pages\/25475","targetHints":{"allow":["GET"]}}],"collection":[{"href":"https:\/\/conexion.ub.edu.ar\/index.php\/wp-json\/wp\/v2\/pages"}],"about":[{"href":"https:\/\/conexion.ub.edu.ar\/index.php\/wp-json\/wp\/v2\/types\/page"}],"author":[{"embeddable":true,"href":"https:\/\/conexion.ub.edu.ar\/index.php\/wp-json\/wp\/v2\/users\/8"}],"replies":[{"embeddable":true,"href":"https:\/\/conexion.ub.edu.ar\/index.php\/wp-json\/wp\/v2\/comments?post=25475"}],"version-history":[{"count":8,"href":"https:\/\/conexion.ub.edu.ar\/index.php\/wp-json\/wp\/v2\/pages\/25475\/revisions"}],"predecessor-version":[{"id":25504,"href":"https:\/\/conexion.ub.edu.ar\/index.php\/wp-json\/wp\/v2\/pages\/25475\/revisions\/25504"}],"wp:attachment":[{"href":"https:\/\/conexion.ub.edu.ar\/index.php\/wp-json\/wp\/v2\/media?parent=25475"}],"curies":[{"name":"wp","href":"https:\/\/api.w.org\/{rel}","templated":true}]}}