
{"id":24922,"date":"2023-07-09T20:10:49","date_gmt":"2023-07-09T23:10:49","guid":{"rendered":"https:\/\/conexion.ub.edu.ar\/?page_id=24922"},"modified":"2023-07-09T20:13:08","modified_gmt":"2023-07-09T23:13:08","slug":"24922-2","status":"publish","type":"page","link":"https:\/\/conexion.ub.edu.ar\/index.php\/24922-2\/","title":{"rendered":"Lic-Nutricion"},"content":{"rendered":"<p>[et_pb_section fb_built=&#8221;1&#8243; admin_label=&#8221;section&#8221; _builder_version=&#8221;4.16&#8243; background_image=&#8221;http:\/\/conexion.ub.edu.ar\/wp-content\/uploads\/2018\/05\/pepeFondo.png&#8221; parallax=&#8221;on&#8221; custom_padding=&#8221;54px|3px|54px|0px&#8221; global_colors_info=&#8221;{}&#8221; theme_builder_area=&#8221;post_content&#8221;][et_pb_row admin_label=&#8221;row&#8221; _builder_version=&#8221;4.16&#8243; background_size=&#8221;initial&#8221; background_position=&#8221;top_left&#8221; background_repeat=&#8221;repeat&#8221; custom_css_main_element=&#8221;background-image: linear-gradient(120deg, #fdfbfb 0%, #ebedee 100%);||opacity:0.5;||border-radius:25px;&#8221; global_colors_info=&#8221;{}&#8221; theme_builder_area=&#8221;post_content&#8221;][et_pb_column type=&#8221;4_4&#8243; _builder_version=&#8221;4.16&#8243; custom_padding=&#8221;|||&#8221; global_colors_info=&#8221;{}&#8221; custom_padding__hover=&#8221;|||&#8221; theme_builder_area=&#8221;post_content&#8221;][et_pb_text admin_label=&#8221;Text&#8221; _builder_version=&#8221;4.16&#8243; background_size=&#8221;initial&#8221; background_position=&#8221;top_left&#8221; background_repeat=&#8221;repeat&#8221; text_orientation=&#8221;center&#8221; background_layout=&#8221;dark&#8221; module_alignment=&#8221;center&#8221; border_style=&#8221;solid&#8221; global_colors_info=&#8221;{}&#8221; theme_builder_area=&#8221;post_content&#8221;]<\/p>\n<h1 style=\"font-size: 38px;\"><span style=\"color: #111111;\">Licenciatura<\/span><\/h1>\n<h1 style=\"font-size: 38px;\"><span style=\"color: #111111;\">en<\/span><span style=\"color: #111111;\"> Nutricion<\/span><\/h1>\n<p>[\/et_pb_text][\/et_pb_column][\/et_pb_row][et_pb_row admin_label=&#8221;row&#8221; _builder_version=&#8221;4.16&#8243; background_size=&#8221;initial&#8221; background_position=&#8221;top_left&#8221; background_repeat=&#8221;repeat&#8221; custom_padding=&#8221;27px|0px|27px|0px&#8221; custom_css_main_element=&#8221;max-width: 500px;||max-height:500px;&#8221; global_colors_info=&#8221;{}&#8221; theme_builder_area=&#8221;post_content&#8221;][et_pb_column type=&#8221;4_4&#8243; _builder_version=&#8221;4.16&#8243; custom_padding=&#8221;|||&#8221; global_colors_info=&#8221;{}&#8221; custom_padding__hover=&#8221;|||&#8221; theme_builder_area=&#8221;post_content&#8221;][et_pb_image src=&#8221;http:\/\/conexion.ub.edu.ar\/wp-content\/uploads\/2023\/07\/icons-foodies.gif&#8221; force_fullwidth=&#8221;on&#8221; align_tablet=&#8221;center&#8221; align_last_edited=&#8221;on|desktop&#8221; admin_label=&#8221;Image&#8221; _builder_version=&#8221;4.21.0&#8243; max_width_tablet=&#8221;&#8221; max_width_phone=&#8221;&#8221; max_width_last_edited=&#8221;on|desktop&#8221; animation_style=&#8221;slide&#8221; animation_direction=&#8221;bottom&#8221; animation_duration=&#8221;500ms&#8221; animation_intensity_slide=&#8221;10%&#8221; hover_enabled=&#8221;0&#8243; animation=&#8221;bottom&#8221; global_colors_info=&#8221;{}&#8221; theme_builder_area=&#8221;post_content&#8221; title_text=&#8221;icons-foodies&#8221; sticky_enabled=&#8221;0&#8243; align_phone=&#8221;center&#8221;][\/et_pb_image][\/et_pb_column][\/et_pb_row][et_pb_row admin_label=&#8221;row&#8221; _builder_version=&#8221;4.16&#8243; background_size=&#8221;initial&#8221; background_position=&#8221;top_left&#8221; background_repeat=&#8221;repeat&#8221; global_colors_info=&#8221;{}&#8221; column_structure=&#8221;1_3,1_3,1_3&#8243; theme_builder_area=&#8221;post_content&#8221;][et_pb_column type=&#8221;1_3&#8243; _builder_version=&#8221;4.16&#8243; custom_padding=&#8221;|||&#8221; global_colors_info=&#8221;{}&#8221; custom_padding__hover=&#8221;|||&#8221; theme_builder_area=&#8221;post_content&#8221;][et_pb_blurb title=&#8221;CONOCIMIENTOS&#8221; use_icon=&#8221;on&#8221; font_icon=&#8221;&#xe00a;||divi||400&#8243; icon_color=&#8221;#2ea3f2&#8243; image_icon_background_color=&#8221;#0d2035&#8243; image_icon_width=&#8221;48px&#8221; admin_label=&#8221;Blurb&#8221; _builder_version=&#8221;4.16&#8243; background_size=&#8221;initial&#8221; background_position=&#8221;top_left&#8221; background_repeat=&#8221;repeat&#8221; image_icon_custom_padding=&#8221;25px|25px|25px|25px|false|false&#8221; text_orientation=&#8221;center&#8221; background_layout=&#8221;dark&#8221; border_radii_image=&#8221;on|100%|100%|100%|100%&#8221; image_max_width=&#8221;none&#8221; use_circle=&#8221;on&#8221; circle_color=&#8221;#0d2035&#8243; global_colors_info=&#8221;{}&#8221; image_icon_background_color__sticky_enabled=&#8221;#7EBEC5&#8243; image_icon_background_color__sticky=&#8221;#7EBEC5&#8243; theme_builder_area=&#8221;post_content&#8221;]<\/p>\n<p>&nbsp;<\/p>\n<div class=\"tab-pane fade active in\" id=\"menu1\">\n<ul>\n<li>Ser\u00e1s un profesional capaz de desarrollar planes alimenticios acordes a las necesidades de las personas o de deportistas.<\/li>\n<li>Conocer\u00e1s la relaci\u00f3n entre las funciones del cuerpo y los nutrientes.<\/li>\n<li>Proporcionar\u00e1s consejos sobre la salud y la importancia de una alimentaci\u00f3n saludable.<\/li>\n<li>Investigar\u00e1s los procesos de la alimentaci\u00f3n y la asociaci\u00f3n entre la dieta, la enfermedad y la salud.\u00a0<\/li>\n<\/ul>\n<\/div>\n<p>[\/et_pb_blurb][\/et_pb_column][et_pb_column type=&#8221;1_3&#8243; _builder_version=&#8221;4.16&#8243; custom_padding=&#8221;|||&#8221; global_colors_info=&#8221;{}&#8221; custom_padding__hover=&#8221;|||&#8221; theme_builder_area=&#8221;post_content&#8221;][et_pb_blurb title=&#8221;INTERCAMBIO INTERNACIONAL&#8221; use_icon=&#8221;on&#8221; font_icon=&#8221;&#xe0e2;||divi||400&#8243; icon_color=&#8221;#2ad4e0&#8243; image_icon_background_color=&#8221;#0d2035&#8243; image_icon_width=&#8221;48px&#8221; admin_label=&#8221;Blurb&#8221; _builder_version=&#8221;4.16&#8243; background_size=&#8221;initial&#8221; background_position=&#8221;top_left&#8221; background_repeat=&#8221;repeat&#8221; image_icon_custom_padding=&#8221;25px|25px|25px|25px|false|false&#8221; text_orientation=&#8221;center&#8221; background_layout=&#8221;dark&#8221; border_radii_image=&#8221;on|100%|100%|100%|100%&#8221; image_max_width=&#8221;none&#8221; use_circle=&#8221;on&#8221; circle_color=&#8221;#0d2035&#8243; global_colors_info=&#8221;{}&#8221; image_icon_background_color__sticky_enabled=&#8221;#7EBEC5&#8243; image_icon_background_color__sticky=&#8221;#7EBEC5&#8243; theme_builder_area=&#8221;post_content&#8221;]<\/p>\n<p class=\"\">Convenios de Intercambio Internacional<\/p>\n<p>[\/et_pb_blurb][\/et_pb_column][et_pb_column type=&#8221;1_3&#8243; _builder_version=&#8221;4.16&#8243; custom_padding=&#8221;|||&#8221; global_colors_info=&#8221;{}&#8221; custom_padding__hover=&#8221;|||&#8221; theme_builder_area=&#8221;post_content&#8221;][et_pb_blurb title=&#8221;SALIDA LABORAL&#8221; use_icon=&#8221;on&#8221; font_icon=&#8221;&#xe0f4;||divi||400&#8243; icon_color=&#8221;#9633e8&#8243; image_icon_background_color=&#8221;#0d2035&#8243; image_icon_width=&#8221;48px&#8221; admin_label=&#8221;Blurb&#8221; _builder_version=&#8221;4.16&#8243; background_size=&#8221;initial&#8221; background_position=&#8221;top_left&#8221; background_repeat=&#8221;repeat&#8221; image_icon_custom_padding=&#8221;25px|25px|25px|25px|false|false&#8221; text_orientation=&#8221;center&#8221; background_layout=&#8221;dark&#8221; border_radii_image=&#8221;on|100%|100%|100%|100%&#8221; image_max_width=&#8221;none&#8221; use_circle=&#8221;on&#8221; circle_color=&#8221;#0d2035&#8243; global_colors_info=&#8221;{}&#8221; image_icon_background_color__sticky_enabled=&#8221;#7EBEC5&#8243; image_icon_background_color__sticky=&#8221;#7EBEC5&#8243; theme_builder_area=&#8221;post_content&#8221;]<\/p>\n<ul>\n<li>Desarrolla planes de alimentaci\u00f3n.<\/li>\n<li>Planifica encuestas alimentarias y acciones de educaci\u00f3n nutricional.<\/li>\n<li>Desarrolla \u00a0planes dietoter\u00e1picos para el tratamiento de patolog\u00edas.<\/li>\n<li>Participa en el desarrollo de alimentos.<\/li>\n<li>Trabaja en planes nutricionales y evaluaci\u00f3n antropom\u00e9trica en nutrici\u00f3n deportiva.<\/li>\n<li>Asesora en el rotulado y lanzamiento de productos.<\/li>\n<li>Educa a profesionales y al p\u00fablico acerca de la nutrici\u00f3n.<\/li>\n<\/ul>\n<p>[\/et_pb_blurb][\/et_pb_column][\/et_pb_row][\/et_pb_section][et_pb_section fb_built=&#8221;1&#8243; admin_label=&#8221;section&#8221; module_id=&#8221;builder&#8221; _builder_version=&#8221;3.0.51&#8243; global_module=&#8221;24754&#8243; global_colors_info=&#8221;{}&#8221; theme_builder_area=&#8221;post_content&#8221;][et_pb_row admin_label=&#8221;row&#8221; _builder_version=&#8221;4.16&#8243; background_size=&#8221;initial&#8221; background_position=&#8221;top_left&#8221; background_repeat=&#8221;repeat&#8221; global_colors_info=&#8221;{}&#8221; theme_builder_area=&#8221;post_content&#8221;][et_pb_column type=&#8221;4_4&#8243; _builder_version=&#8221;4.16&#8243; custom_padding=&#8221;|||&#8221; global_colors_info=&#8221;{}&#8221; custom_padding__hover=&#8221;|||&#8221; theme_builder_area=&#8221;post_content&#8221;][et_pb_text admin_label=&#8221;Text&#8221; _builder_version=&#8221;4.16&#8243; background_size=&#8221;initial&#8221; background_position=&#8221;top_left&#8221; background_repeat=&#8221;repeat&#8221; text_orientation=&#8221;center&#8221; module_alignment=&#8221;center&#8221; border_style=&#8221;solid&#8221; global_colors_info=&#8221;{}&#8221; theme_builder_area=&#8221;post_content&#8221;]<\/p>\n<h1>PLAN ACADEMICO<\/h1>\n<\/p>\n<p>[\/et_pb_text][\/et_pb_column][\/et_pb_row][et_pb_row admin_label=&#8221;row&#8221; _builder_version=&#8221;4.16&#8243; background_size=&#8221;initial&#8221; background_position=&#8221;top_left&#8221; background_repeat=&#8221;repeat&#8221; global_colors_info=&#8221;{}&#8221; theme_builder_area=&#8221;post_content&#8221;][et_pb_column type=&#8221;4_4&#8243; _builder_version=&#8221;4.16&#8243; custom_padding=&#8221;|||&#8221; global_colors_info=&#8221;{}&#8221; custom_padding__hover=&#8221;|||&#8221; theme_builder_area=&#8221;post_content&#8221;][et_pb_image src=&#8221;http:\/\/conexion.ub.edu.ar\/wp-content\/uploads\/2023\/07\/Screenshot_2023-07-09_at_20-05-00_GRADO_Nutricion_plan.pdf_1400x700.png&#8221; force_fullwidth=&#8221;on&#8221; align_tablet=&#8221;center&#8221; align_last_edited=&#8221;on|desktop&#8221; admin_label=&#8221;Image&#8221; _builder_version=&#8221;4.21.0&#8243; animation_style=&#8221;slide&#8221; animation_direction=&#8221;left&#8221; animation_duration=&#8221;500ms&#8221; animation_intensity_slide=&#8221;10%&#8221; hover_enabled=&#8221;0&#8243; border_style=&#8221;solid&#8221; sticky=&#8221;off&#8221; always_center_on_mobile=&#8221;on&#8221; global_colors_info=&#8221;{}&#8221; theme_builder_area=&#8221;post_content&#8221; title_text=&#8221;Screenshot_2023-07-09_at_20-05-00_GRADO_Nutricion_plan.pdf_1400x700&#8243; sticky_enabled=&#8221;0&#8243; align_phone=&#8221;center&#8221;][\/et_pb_image][\/et_pb_column][\/et_pb_row][et_pb_row admin_label=&#8221;row&#8221; _builder_version=&#8221;4.16&#8243; background_size=&#8221;initial&#8221; background_position=&#8221;top_left&#8221; background_repeat=&#8221;repeat&#8221; global_colors_info=&#8221;{}&#8221; theme_builder_area=&#8221;post_content&#8221;][et_pb_column type=&#8221;4_4&#8243; _builder_version=&#8221;4.16&#8243; custom_padding=&#8221;|||&#8221; global_colors_info=&#8221;{}&#8221; custom_padding__hover=&#8221;|||&#8221; theme_builder_area=&#8221;post_content&#8221;][et_pb_button button_url=&#8221;https:\/\/ub.edu.ar\/sites\/default\/files\/GRADO_Nutricion_plan.pdf&#8221; button_text=&#8221;Descargar Plan de Estudios&#8221; button_alignment=&#8221;center&#8221; admin_label=&#8221;Button&#8221; _builder_version=&#8221;4.21.0&#8243; custom_button=&#8221;on&#8221; button_text_size=&#8221;20px&#8221; button_text_color=&#8221;#0c0c0c&#8221; button_bg_color=&#8221;#c9c9c9&#8243; button_border_width=&#8221;0px&#8221; button_border_radius=&#8221;23px&#8221; button_icon=&#8221;&#xe086;||divi||400&#8243; hover_enabled=&#8221;0&#8243; custom_css_main_element=&#8221;||&#8221; button_letter_spacing_hover=&#8221;0&#8243; global_colors_info=&#8221;{}&#8221; button_text_size__hover_enabled=&#8221;off&#8221; button_one_text_size__hover_enabled=&#8221;off&#8221; button_two_text_size__hover_enabled=&#8221;off&#8221; button_text_color__hover_enabled=&#8221;off&#8221; button_one_text_color__hover_enabled=&#8221;off&#8221; button_two_text_color__hover_enabled=&#8221;off&#8221; button_border_width__hover_enabled=&#8221;off&#8221; button_one_border_width__hover_enabled=&#8221;off&#8221; button_two_border_width__hover_enabled=&#8221;off&#8221; button_border_color__hover_enabled=&#8221;off&#8221; button_one_border_color__hover_enabled=&#8221;off&#8221; button_two_border_color__hover_enabled=&#8221;off&#8221; button_border_radius__hover_enabled=&#8221;off&#8221; button_one_border_radius__hover_enabled=&#8221;off&#8221; button_two_border_radius__hover_enabled=&#8221;off&#8221; button_letter_spacing__hover_enabled=&#8221;on&#8221; button_letter_spacing__hover=&#8221;0&#8243; button_one_letter_spacing__hover_enabled=&#8221;off&#8221; button_two_letter_spacing__hover_enabled=&#8221;off&#8221; button_bg_color__hover_enabled=&#8221;off&#8221; button_one_bg_color__hover_enabled=&#8221;off&#8221; button_two_bg_color__hover_enabled=&#8221;off&#8221; theme_builder_area=&#8221;post_content&#8221; sticky_enabled=&#8221;0&#8243;][\/et_pb_button][\/et_pb_column][\/et_pb_row][\/et_pb_section][et_pb_section fb_built=&#8221;1&#8243; admin_label=&#8221;section&#8221; _builder_version=&#8221;3.0.51&#8243; background_color=&#8221;#f74b47&#8243; global_module=&#8221;24757&#8243; global_colors_info=&#8221;{}&#8221; theme_builder_area=&#8221;post_content&#8221;][et_pb_row admin_label=&#8221;row&#8221; _builder_version=&#8221;4.16&#8243; background_size=&#8221;initial&#8221; background_position=&#8221;top_left&#8221; background_repeat=&#8221;repeat&#8221; global_colors_info=&#8221;{}&#8221; theme_builder_area=&#8221;post_content&#8221;][et_pb_column type=&#8221;4_4&#8243; _builder_version=&#8221;4.16&#8243; custom_padding=&#8221;|||&#8221; global_colors_info=&#8221;{}&#8221; custom_padding__hover=&#8221;|||&#8221; theme_builder_area=&#8221;post_content&#8221;][et_pb_cta title=&#8221;comunicate con nosotros&#8221; button_url=&#8221;\/..\/index.php\/Contacto&#8221; button_text=&#8221;CONTACTO&#8221; admin_label=&#8221;Call To Action&#8221; _builder_version=&#8221;4.16&#8243; use_background_color=&#8221;off&#8221; background_size=&#8221;initial&#8221; background_position=&#8221;top_left&#8221; background_repeat=&#8221;repeat&#8221; global_colors_info=&#8221;{}&#8221; button_text_size__hover_enabled=&#8221;off&#8221; button_one_text_size__hover_enabled=&#8221;off&#8221; button_two_text_size__hover_enabled=&#8221;off&#8221; button_text_color__hover_enabled=&#8221;off&#8221; button_one_text_color__hover_enabled=&#8221;off&#8221; button_two_text_color__hover_enabled=&#8221;off&#8221; button_border_width__hover_enabled=&#8221;off&#8221; button_one_border_width__hover_enabled=&#8221;off&#8221; button_two_border_width__hover_enabled=&#8221;off&#8221; button_border_color__hover_enabled=&#8221;off&#8221; button_one_border_color__hover_enabled=&#8221;off&#8221; button_two_border_color__hover_enabled=&#8221;off&#8221; button_border_radius__hover_enabled=&#8221;off&#8221; button_one_border_radius__hover_enabled=&#8221;off&#8221; button_two_border_radius__hover_enabled=&#8221;off&#8221; button_letter_spacing__hover_enabled=&#8221;off&#8221; button_one_letter_spacing__hover_enabled=&#8221;off&#8221; button_two_letter_spacing__hover_enabled=&#8221;off&#8221; button_bg_color__hover_enabled=&#8221;off&#8221; button_one_bg_color__hover_enabled=&#8221;off&#8221; button_two_bg_color__hover_enabled=&#8221;off&#8221; theme_builder_area=&#8221;post_content&#8221;]<\/p>\n<p>Para mas informacion no dudes en contactarte con nosotros haciendo click en el siguiente boton<\/p>\n<p>[\/et_pb_cta][\/et_pb_column][\/et_pb_row][\/et_pb_section]<\/p>\n","protected":false},"excerpt":{"rendered":"<p>Licenciatura en Nutricion&nbsp; Ser\u00e1s un profesional capaz de desarrollar planes alimenticios acordes a las necesidades de las personas o de deportistas. Conocer\u00e1s la relaci\u00f3n entre las funciones del cuerpo y los nutrientes. Proporcionar\u00e1s consejos sobre la salud y la importancia de una alimentaci\u00f3n saludable. Investigar\u00e1s los procesos de la alimentaci\u00f3n y la asociaci\u00f3n entre la [&hellip;]<\/p>\n","protected":false},"author":5,"featured_media":0,"parent":0,"menu_order":0,"comment_status":"closed","ping_status":"closed","template":"","meta":{"_et_pb_use_builder":"on","_et_pb_old_content":"","_et_gb_content_width":"","footnotes":""},"class_list":["post-24922","page","type-page","status-publish","hentry"],"_links":{"self":[{"href":"https:\/\/conexion.ub.edu.ar\/index.php\/wp-json\/wp\/v2\/pages\/24922","targetHints":{"allow":["GET"]}}],"collection":[{"href":"https:\/\/conexion.ub.edu.ar\/index.php\/wp-json\/wp\/v2\/pages"}],"about":[{"href":"https:\/\/conexion.ub.edu.ar\/index.php\/wp-json\/wp\/v2\/types\/page"}],"author":[{"embeddable":true,"href":"https:\/\/conexion.ub.edu.ar\/index.php\/wp-json\/wp\/v2\/users\/5"}],"replies":[{"embeddable":true,"href":"https:\/\/conexion.ub.edu.ar\/index.php\/wp-json\/wp\/v2\/comments?post=24922"}],"version-history":[{"count":3,"href":"https:\/\/conexion.ub.edu.ar\/index.php\/wp-json\/wp\/v2\/pages\/24922\/revisions"}],"predecessor-version":[{"id":24932,"href":"https:\/\/conexion.ub.edu.ar\/index.php\/wp-json\/wp\/v2\/pages\/24922\/revisions\/24932"}],"wp:attachment":[{"href":"https:\/\/conexion.ub.edu.ar\/index.php\/wp-json\/wp\/v2\/media?parent=24922"}],"curies":[{"name":"wp","href":"https:\/\/api.w.org\/{rel}","templated":true}]}}